{"id":11,"date":"2020-10-07T20:23:22","date_gmt":"2020-10-07T20:23:22","guid":{"rendered":"https:\/\/alexanderbdsm.com\/?page_id=11"},"modified":"2026-01-16T00:29:02","modified_gmt":"2026-01-16T00:29:02","slug":"quien-soy","status":"publish","type":"page","link":"https:\/\/alexanderbdsm.com\/?page_id=11","title":{"rendered":"\u00bfQui\u00e9n Soy?"},"content":{"rendered":"\t\t<div data-elementor-type=\"wp-page\" data-elementor-id=\"11\" class=\"elementor elementor-11\" data-elementor-post-type=\"page\">\n\t\t\t\t\t\t<section class=\"elementor-section elementor-top-section elementor-element elementor-element-6afae0e elementor-section-boxed elementor-section-height-default elementor-section-height-default\" data-id=\"6afae0e\" data-element_type=\"section\" data-e-type=\"section\">\n\t\t\t\t\t\t<div class=\"elementor-container elementor-column-gap-default\">\n\t\t\t\t\t<div class=\"elementor-column elementor-col-50 elementor-top-column elementor-element elementor-element-0a7c005\" data-id=\"0a7c005\" data-element_type=\"column\" data-e-type=\"column\">\n\t\t\t<div class=\"elementor-widget-wrap elementor-element-populated\">\n\t\t\t\t\t\t<div class=\"elementor-element elementor-element-611a4b7 elementor-widget elementor-widget-text-editor\" data-id=\"611a4b7\" data-element_type=\"widget\" data-e-type=\"widget\" data-widget_type=\"text-editor.default\">\n\t\t\t\t<div class=\"elementor-widget-container\">\n\t\t\t\t\t\t\t\t\t<h2>Marqu\u00e9s Alexander<\/h2><p>Mi Historia en el BDSM: Tres D\u00e9cadas de Aprendizaje y Ense\u00f1anza<\/p><p>Mi nombre es Marqu\u00e9s Alexander. Soy Educador de la Sexualidad egresado del INESSPA y he sido practicante activo de BDSM desde 1993.<\/p><p>En 2001, comprend\u00ed que la mayor necesidad en nuestra comunidad no era m\u00e1s secretismo, sino m\u00e1s educaci\u00f3n. Comenc\u00e9 a brindar asesor\u00edas, transformando la experiencia en metodolog\u00eda. Esta visi\u00f3n me llev\u00f3 a fundar y administrar CalabozoMX de 2010 a 2026, un proyecto pionero que, durante 16 a\u00f1os, fue referente nacional en tutor\u00edas, cursos y la creaci\u00f3n de espacios seguros.<\/p><p>Hoy, ese legado evoluciona. CalabozoMX lleg\u00f3 a su fin, pero mi compromiso es m\u00e1s fuerte. Utilizo todo ese conocimiento acumulado para ofrecerte una tutor\u00eda informada, moderna y centrada en el bienestar psicol\u00f3gico.<\/p><p>Mi filosof\u00eda se basa en tres pilares:<\/p><p>1. Seguridad sobre todo: F\u00edsica, emocional y psicol\u00f3gica.<br \/>2. Consenso como di\u00e1logo continuo: No es un tr\u00e1mite, es la base de toda din\u00e1mica.<br \/>3. Educaci\u00f3n como herramienta de libertad: El conocimiento verdadero es lo que te permite elegir con autonom\u00eda y confianza.<\/p><p>Mi rol no es ser tu \u00abDominante\u00bb, sino ser tu tutor y gu\u00eda para que, sin importar tu rol, construyas pr\u00e1cticas m\u00e1s ricas, seguras y conscientes.<\/p>\t\t\t\t\t\t\t\t<\/div>\n\t\t\t\t<\/div>\n\t\t\t\t\t<\/div>\n\t\t<\/div>\n\t\t\t\t<div class=\"elementor-column elementor-col-50 elementor-top-column elementor-element elementor-element-232f66c\" data-id=\"232f66c\" data-element_type=\"column\" data-e-type=\"column\">\n\t\t\t<div class=\"elementor-widget-wrap elementor-element-populated\">\n\t\t\t\t\t\t<div class=\"elementor-element elementor-element-9ecf417 elementor-widget elementor-widget-image\" data-id=\"9ecf417\" data-element_type=\"widget\" data-e-type=\"widget\" data-widget_type=\"image.default\">\n\t\t\t\t<div class=\"elementor-widget-container\">\n\t\t\t\t\t\t\t\t\t\t\t\t\t\t\t<img fetchpriority=\"high\" decoding=\"async\" width=\"768\" height=\"765\" src=\"https:\/\/i0.wp.com\/alexanderbdsm.com\/wp-content\/uploads\/2021\/03\/alexander-2.png?fit=768%2C765&amp;ssl=1\" class=\"attachment-medium_large size-medium_large wp-image-657\" alt=\"Marques Alexander\" srcset=\"https:\/\/i0.wp.com\/alexanderbdsm.com\/wp-content\/uploads\/2021\/03\/alexander-2.png?w=1815&amp;ssl=1 1815w, https:\/\/i0.wp.com\/alexanderbdsm.com\/wp-content\/uploads\/2021\/03\/alexander-2.png?resize=300%2C300&amp;ssl=1 300w, https:\/\/i0.wp.com\/alexanderbdsm.com\/wp-content\/uploads\/2021\/03\/alexander-2.png?resize=1024%2C1020&amp;ssl=1 1024w, https:\/\/i0.wp.com\/alexanderbdsm.com\/wp-content\/uploads\/2021\/03\/alexander-2.png?resize=150%2C150&amp;ssl=1 150w, https:\/\/i0.wp.com\/alexanderbdsm.com\/wp-content\/uploads\/2021\/03\/alexander-2.png?resize=768%2C765&amp;ssl=1 768w, https:\/\/i0.wp.com\/alexanderbdsm.com\/wp-content\/uploads\/2021\/03\/alexander-2.png?resize=1536%2C1530&amp;ssl=1 1536w\" sizes=\"(max-width: 768px) 100vw, 768px\" \/>\t\t\t\t\t\t\t\t\t\t\t\t\t\t\t<\/div>\n\t\t\t\t<\/div>\n\t\t\t\t\t<\/div>\n\t\t<\/div>\n\t\t\t\t\t<\/div>\n\t\t<\/section>\n\t\t\t\t<\/div>\n\t\t","protected":false},"excerpt":{"rendered":"<p>Marqu\u00e9s Alexander Mi Historia en el BDSM: Tres D\u00e9cadas de Aprendizaje y Ense\u00f1anza Mi nombre es Marqu\u00e9s Alexander. Soy Educador de la Sexualidad egresado del INESSPA y he sido practicante activo de BDSM desde 1993. En 2001, comprend\u00ed que la mayor necesidad en nuestra comunidad no era m\u00e1s secretismo, sino m\u00e1s educaci\u00f3n. Comenc\u00e9 a brindar &#8230; <a title=\"\u00bfQui\u00e9n Soy?\" class=\"read-more\" href=\"https:\/\/alexanderbdsm.com\/?page_id=11\">Read more<span class=\"screen-reader-text\">\u00bfQui\u00e9n Soy?<\/span><\/a><\/p>\n","protected":false},"author":1,"featured_media":0,"parent":0,"menu_order":0,"comment_status":"closed","ping_status":"closed","template":"","meta":{"om_disable_all_campaigns":false,"_monsterinsights_skip_tracking":false,"_monsterinsights_sitenote_active":false,"_monsterinsights_sitenote_note":"","_monsterinsights_sitenote_category":0,"footnotes":""},"class_list":["post-11","page","type-page","status-publish"],"jetpack_sharing_enabled":true,"_links":{"self":[{"href":"https:\/\/alexanderbdsm.com\/index.php?rest_route=\/wp\/v2\/pages\/11","targetHints":{"allow":["GET"]}}],"collection":[{"href":"https:\/\/alexanderbdsm.com\/index.php?rest_route=\/wp\/v2\/pages"}],"about":[{"href":"https:\/\/alexanderbdsm.com\/index.php?rest_route=\/wp\/v2\/types\/page"}],"author":[{"embeddable":true,"href":"https:\/\/alexanderbdsm.com\/index.php?rest_route=\/wp\/v2\/users\/1"}],"replies":[{"embeddable":true,"href":"https:\/\/alexanderbdsm.com\/index.php?rest_route=%2Fwp%2Fv2%2Fcomments&post=11"}],"version-history":[{"count":5,"href":"https:\/\/alexanderbdsm.com\/index.php?rest_route=\/wp\/v2\/pages\/11\/revisions"}],"predecessor-version":[{"id":819,"href":"https:\/\/alexanderbdsm.com\/index.php?rest_route=\/wp\/v2\/pages\/11\/revisions\/819"}],"wp:attachment":[{"href":"https:\/\/alexanderbdsm.com\/index.php?rest_route=%2Fwp%2Fv2%2Fmedia&parent=11"}],"curies":[{"name":"wp","href":"https:\/\/api.w.org\/{rel}","templated":true}]}}