{"id":19,"date":"2020-10-07T20:34:02","date_gmt":"2020-10-07T20:34:02","guid":{"rendered":"https:\/\/alexanderbdsm.com\/?page_id=19"},"modified":"2026-01-14T00:40:59","modified_gmt":"2026-01-14T00:40:59","slug":"talleres","status":"publish","type":"page","link":"https:\/\/alexanderbdsm.com\/?page_id=19","title":{"rendered":"Talleres BDSM"},"content":{"rendered":"\t\t<div data-elementor-type=\"wp-page\" data-elementor-id=\"19\" class=\"elementor elementor-19\" data-elementor-post-type=\"page\">\n\t\t\t\t\t\t<section class=\"elementor-section elementor-top-section elementor-element elementor-element-96b3dc9 elementor-section-boxed elementor-section-height-default elementor-section-height-default\" data-id=\"96b3dc9\" data-element_type=\"section\" data-e-type=\"section\">\n\t\t\t\t\t\t<div class=\"elementor-container elementor-column-gap-default\">\n\t\t\t\t\t<div class=\"elementor-column elementor-col-100 elementor-top-column elementor-element elementor-element-2a4bf3d\" data-id=\"2a4bf3d\" data-element_type=\"column\" data-e-type=\"column\">\n\t\t\t<div class=\"elementor-widget-wrap elementor-element-populated\">\n\t\t\t\t\t\t<div class=\"elementor-element elementor-element-0241075 elementor-widget elementor-widget-text-editor\" data-id=\"0241075\" data-element_type=\"widget\" data-e-type=\"widget\" data-widget_type=\"text-editor.default\">\n\t\t\t\t<div class=\"elementor-widget-container\">\n\t\t\t\t\t\t\t\t\t<p style=\"text-align: center;\">Todos y cada uno de los talleres los manejo con total profesionalismo y respeto, en ning\u00fan momento tocar\u00e9 a otras personas sumisas. Para lo anterior es que acudo con alguna de mis sumisas o modelos para realizar las pr\u00e1cticas.<\/p>\t\t\t\t\t\t\t\t<\/div>\n\t\t\t\t<\/div>\n\t\t\t\t\t<\/div>\n\t\t<\/div>\n\t\t\t\t\t<\/div>\n\t\t<\/section>\n\t\t\t\t<section class=\"elementor-section elementor-top-section elementor-element elementor-element-e55cb0d elementor-section-boxed elementor-section-height-default elementor-section-height-default\" data-id=\"e55cb0d\" data-element_type=\"section\" data-e-type=\"section\">\n\t\t\t\t\t\t<div class=\"elementor-container elementor-column-gap-default\">\n\t\t\t\t\t<div class=\"elementor-column elementor-col-50 elementor-top-column elementor-element elementor-element-17ff2a0\" data-id=\"17ff2a0\" data-element_type=\"column\" data-e-type=\"column\">\n\t\t\t<div class=\"elementor-widget-wrap elementor-element-populated\">\n\t\t\t\t\t\t<div class=\"elementor-element elementor-element-9bdd318 elementor-widget elementor-widget-text-editor\" data-id=\"9bdd318\" data-element_type=\"widget\" data-e-type=\"widget\" data-widget_type=\"text-editor.default\">\n\t\t\t\t<div class=\"elementor-widget-container\">\n\t\t\t\t\t\t\t\t\t<ul><li>Asfixia er\u00f3tica<\/li><li>Bondage b\u00e1sico<\/li><li>Bondage de predicamento<\/li><li>Bondage para sexo<\/li><li>Bondage sin cuerdas<\/li><li>Caning<\/li><li>Cutting<\/li><li>Dominaci\u00f3n financiera<\/li><li>Entrenamiento protocolario<\/li><li>Fisting<\/li><li>Juegos anales<\/li><li>Juegos con agujas<\/li><li>Juegos con comida<\/li><li>Juegos con electricidad<\/li><li>Juegos con fuego<\/li><li>Juegos con velas<\/li><li>Juegos de mortificaci\u00f3n<\/li><li>Juegos escatol\u00f3gicos<\/li><li>Juegos m\u00e9dicos<\/li><li>Juegos sensoriales<\/li><li>Manejo de flogger<\/li><li>Manejo de l\u00e1tigo<\/li><li>Marcas permanentes<\/li><li>Primeros auxilios emocionales<\/li><li>Semi suspensiones y suspensiones<\/li><li>Shibari de piso avanzado<\/li><li>Shibari de piso b\u00e1sico<\/li><li>Shibari de piso intermedio<\/li><li>Spanking<\/li><li>Tortura genital y de pechos<\/li><li>Waterbondage<\/li><\/ul>\t\t\t\t\t\t\t\t<\/div>\n\t\t\t\t<\/div>\n\t\t\t\t\t<\/div>\n\t\t<\/div>\n\t\t\t\t<div class=\"elementor-column elementor-col-50 elementor-top-column elementor-element elementor-element-b828bb5\" data-id=\"b828bb5\" data-element_type=\"column\" data-e-type=\"column\">\n\t\t\t<div class=\"elementor-widget-wrap elementor-element-populated\">\n\t\t\t\t\t\t<div class=\"elementor-element elementor-element-ae6eeb7 elementor-widget elementor-widget-image\" data-id=\"ae6eeb7\" data-element_type=\"widget\" data-e-type=\"widget\" data-widget_type=\"image.default\">\n\t\t\t\t<div class=\"elementor-widget-container\">\n\t\t\t\t\t\t\t\t\t\t\t\t\t\t\t<img fetchpriority=\"high\" decoding=\"async\" width=\"1024\" height=\"913\" src=\"https:\/\/i0.wp.com\/alexanderbdsm.com\/wp-content\/uploads\/2020\/10\/27.jpg?fit=1024%2C913&amp;ssl=1\" class=\"attachment-large size-large wp-image-212\" alt=\"\" srcset=\"https:\/\/i0.wp.com\/alexanderbdsm.com\/wp-content\/uploads\/2020\/10\/27.jpg?w=2000&amp;ssl=1 2000w, https:\/\/i0.wp.com\/alexanderbdsm.com\/wp-content\/uploads\/2020\/10\/27.jpg?resize=300%2C267&amp;ssl=1 300w, https:\/\/i0.wp.com\/alexanderbdsm.com\/wp-content\/uploads\/2020\/10\/27.jpg?resize=1024%2C913&amp;ssl=1 1024w, https:\/\/i0.wp.com\/alexanderbdsm.com\/wp-content\/uploads\/2020\/10\/27.jpg?resize=768%2C685&amp;ssl=1 768w, https:\/\/i0.wp.com\/alexanderbdsm.com\/wp-content\/uploads\/2020\/10\/27.jpg?resize=1536%2C1369&amp;ssl=1 1536w\" sizes=\"(max-width: 1024px) 100vw, 1024px\" \/>\t\t\t\t\t\t\t\t\t\t\t\t\t\t\t<\/div>\n\t\t\t\t<\/div>\n\t\t\t\t\t<\/div>\n\t\t<\/div>\n\t\t\t\t\t<\/div>\n\t\t<\/section>\n\t\t\t\t<section class=\"elementor-section elementor-top-section elementor-element elementor-element-6134a07 elementor-section-boxed elementor-section-height-default elementor-section-height-default\" data-id=\"6134a07\" data-element_type=\"section\" data-e-type=\"section\">\n\t\t\t\t\t\t<div class=\"elementor-container elementor-column-gap-default\">\n\t\t\t\t\t<div class=\"elementor-column elementor-col-100 elementor-top-column elementor-element elementor-element-c96561a\" data-id=\"c96561a\" data-element_type=\"column\" data-e-type=\"column\">\n\t\t\t<div class=\"elementor-widget-wrap elementor-element-populated\">\n\t\t\t\t\t\t<div class=\"elementor-element elementor-element-a176ad9 elementor-widget elementor-widget-text-editor\" data-id=\"a176ad9\" data-element_type=\"widget\" data-e-type=\"widget\" data-widget_type=\"text-editor.default\">\n\t\t\t\t<div class=\"elementor-widget-container\">\n\t\t\t\t\t\t\t\t\t<p style=\"text-align: center;\"><a href=\"https:\/\/alexanderbdsm.com\/?page_id=138\">Solicita tu cotizaci\u00f3n y pregunta por los paquetes de talleres dando click en este texto.<\/a><\/p>\t\t\t\t\t\t\t\t<\/div>\n\t\t\t\t<\/div>\n\t\t\t\t\t<\/div>\n\t\t<\/div>\n\t\t\t\t\t<\/div>\n\t\t<\/section>\n\t\t\t\t<\/div>\n\t\t","protected":false},"excerpt":{"rendered":"<p>Todos y cada uno de los talleres los manejo con total profesionalismo y respeto, en ning\u00fan momento tocar\u00e9 a otras personas sumisas. Para lo anterior es que acudo con alguna de mis sumisas o modelos para realizar las pr\u00e1cticas. Asfixia er\u00f3tica Bondage b\u00e1sico Bondage de predicamento Bondage para sexo Bondage sin cuerdas Caning Cutting Dominaci\u00f3n &#8230; <a title=\"Talleres BDSM\" class=\"read-more\" href=\"https:\/\/alexanderbdsm.com\/?page_id=19\">Read more<span class=\"screen-reader-text\">Talleres BDSM<\/span><\/a><\/p>\n","protected":false},"author":1,"featured_media":0,"parent":0,"menu_order":0,"comment_status":"closed","ping_status":"closed","template":"","meta":{"om_disable_all_campaigns":false,"_monsterinsights_skip_tracking":false,"_monsterinsights_sitenote_active":false,"_monsterinsights_sitenote_note":"","_monsterinsights_sitenote_category":0,"footnotes":""},"class_list":["post-19","page","type-page","status-publish"],"jetpack_sharing_enabled":true,"_links":{"self":[{"href":"https:\/\/alexanderbdsm.com\/index.php?rest_route=\/wp\/v2\/pages\/19","targetHints":{"allow":["GET"]}}],"collection":[{"href":"https:\/\/alexanderbdsm.com\/index.php?rest_route=\/wp\/v2\/pages"}],"about":[{"href":"https:\/\/alexanderbdsm.com\/index.php?rest_route=\/wp\/v2\/types\/page"}],"author":[{"embeddable":true,"href":"https:\/\/alexanderbdsm.com\/index.php?rest_route=\/wp\/v2\/users\/1"}],"replies":[{"embeddable":true,"href":"https:\/\/alexanderbdsm.com\/index.php?rest_route=%2Fwp%2Fv2%2Fcomments&post=19"}],"version-history":[{"count":5,"href":"https:\/\/alexanderbdsm.com\/index.php?rest_route=\/wp\/v2\/pages\/19\/revisions"}],"predecessor-version":[{"id":729,"href":"https:\/\/alexanderbdsm.com\/index.php?rest_route=\/wp\/v2\/pages\/19\/revisions\/729"}],"wp:attachment":[{"href":"https:\/\/alexanderbdsm.com\/index.php?rest_route=%2Fwp%2Fv2%2Fmedia&parent=19"}],"curies":[{"name":"wp","href":"https:\/\/api.w.org\/{rel}","templated":true}]}}