{"id":21,"date":"2020-10-07T20:34:31","date_gmt":"2020-10-07T20:34:31","guid":{"rendered":"https:\/\/alexanderbdsm.com\/?page_id=21"},"modified":"2026-01-16T01:09:12","modified_gmt":"2026-01-16T01:09:12","slug":"talleres-online","status":"publish","type":"page","link":"https:\/\/alexanderbdsm.com\/?page_id=21","title":{"rendered":"Testimonios"},"content":{"rendered":"\t\t<div data-elementor-type=\"wp-page\" data-elementor-id=\"21\" class=\"elementor elementor-21\" data-elementor-post-type=\"page\">\n\t\t\t\t\t\t<section class=\"elementor-section elementor-top-section elementor-element elementor-element-ec82256 elementor-section-boxed elementor-section-height-default elementor-section-height-default\" data-id=\"ec82256\" data-element_type=\"section\" data-e-type=\"section\">\n\t\t\t\t\t\t<div class=\"elementor-container elementor-column-gap-default\">\n\t\t\t\t\t<div class=\"elementor-column elementor-col-50 elementor-top-column elementor-element elementor-element-3c49be3\" data-id=\"3c49be3\" data-element_type=\"column\" data-e-type=\"column\">\n\t\t\t<div class=\"elementor-widget-wrap elementor-element-populated\">\n\t\t\t\t\t\t<div class=\"elementor-element elementor-element-143f9d9 elementor-widget elementor-widget-text-editor\" data-id=\"143f9d9\" data-element_type=\"widget\" data-e-type=\"widget\" data-widget_type=\"text-editor.default\">\n\t\t\t\t<div class=\"elementor-widget-container\">\n\t\t\t\t\t\t\t\t\t<ul><li>Asfixia er\u00f3tica<\/li><li>Caning<\/li><li>Dominaci\u00f3n financiera<\/li><li>Entrenamiento protocolario<\/li><li>Juegos anales<\/li><li>Juegos con comida<\/li><li>Juegos con velas<\/li><li>Juegos de mortificaci\u00f3n<\/li><li>Juegos sensoriales<\/li><li>Manejo de flogger<\/li><li>Primeros auxilios emocionales<\/li><li>Spanking<\/li><\/ul>\t\t\t\t\t\t\t\t<\/div>\n\t\t\t\t<\/div>\n\t\t\t\t\t<\/div>\n\t\t<\/div>\n\t\t\t\t<div class=\"elementor-column elementor-col-50 elementor-top-column elementor-element elementor-element-1ab9375\" data-id=\"1ab9375\" data-element_type=\"column\" data-e-type=\"column\">\n\t\t\t<div class=\"elementor-widget-wrap elementor-element-populated\">\n\t\t\t\t\t\t<div class=\"elementor-element elementor-element-4eb67b8 elementor-widget elementor-widget-image\" data-id=\"4eb67b8\" data-element_type=\"widget\" data-e-type=\"widget\" data-widget_type=\"image.default\">\n\t\t\t\t<div class=\"elementor-widget-container\">\n\t\t\t\t\t\t\t\t\t\t\t\t\t\t\t<img fetchpriority=\"high\" decoding=\"async\" width=\"819\" height=\"1024\" src=\"https:\/\/i0.wp.com\/alexanderbdsm.com\/wp-content\/uploads\/2020\/11\/Talleres.jpg?fit=819%2C1024&amp;ssl=1\" class=\"attachment-large size-large wp-image-536\" alt=\"\" srcset=\"https:\/\/i0.wp.com\/alexanderbdsm.com\/wp-content\/uploads\/2020\/11\/Talleres.jpg?w=2000&amp;ssl=1 2000w, https:\/\/i0.wp.com\/alexanderbdsm.com\/wp-content\/uploads\/2020\/11\/Talleres.jpg?resize=240%2C300&amp;ssl=1 240w, https:\/\/i0.wp.com\/alexanderbdsm.com\/wp-content\/uploads\/2020\/11\/Talleres.jpg?resize=819%2C1024&amp;ssl=1 819w, https:\/\/i0.wp.com\/alexanderbdsm.com\/wp-content\/uploads\/2020\/11\/Talleres.jpg?resize=768%2C960&amp;ssl=1 768w, https:\/\/i0.wp.com\/alexanderbdsm.com\/wp-content\/uploads\/2020\/11\/Talleres.jpg?resize=1229%2C1536&amp;ssl=1 1229w, https:\/\/i0.wp.com\/alexanderbdsm.com\/wp-content\/uploads\/2020\/11\/Talleres.jpg?resize=1638%2C2048&amp;ssl=1 1638w\" sizes=\"(max-width: 819px) 100vw, 819px\" \/>\t\t\t\t\t\t\t\t\t\t\t\t\t\t\t<\/div>\n\t\t\t\t<\/div>\n\t\t\t\t\t<\/div>\n\t\t<\/div>\n\t\t\t\t\t<\/div>\n\t\t<\/section>\n\t\t\t\t<\/div>\n\t\t","protected":false},"excerpt":{"rendered":"<p>Asfixia er\u00f3tica Caning Dominaci\u00f3n financiera Entrenamiento protocolario Juegos anales Juegos con comida Juegos con velas Juegos de mortificaci\u00f3n Juegos sensoriales Manejo de flogger Primeros auxilios emocionales Spanking<\/p>\n","protected":false},"author":1,"featured_media":0,"parent":0,"menu_order":0,"comment_status":"closed","ping_status":"closed","template":"","meta":{"om_disable_all_campaigns":false,"_monsterinsights_skip_tracking":false,"_monsterinsights_sitenote_active":false,"_monsterinsights_sitenote_note":"","_monsterinsights_sitenote_category":0,"footnotes":""},"class_list":["post-21","page","type-page","status-publish"],"jetpack_sharing_enabled":true,"_links":{"self":[{"href":"https:\/\/alexanderbdsm.com\/index.php?rest_route=\/wp\/v2\/pages\/21","targetHints":{"allow":["GET"]}}],"collection":[{"href":"https:\/\/alexanderbdsm.com\/index.php?rest_route=\/wp\/v2\/pages"}],"about":[{"href":"https:\/\/alexanderbdsm.com\/index.php?rest_route=\/wp\/v2\/types\/page"}],"author":[{"embeddable":true,"href":"https:\/\/alexanderbdsm.com\/index.php?rest_route=\/wp\/v2\/users\/1"}],"replies":[{"embeddable":true,"href":"https:\/\/alexanderbdsm.com\/index.php?rest_route=%2Fwp%2Fv2%2Fcomments&post=21"}],"version-history":[{"count":5,"href":"https:\/\/alexanderbdsm.com\/index.php?rest_route=\/wp\/v2\/pages\/21\/revisions"}],"predecessor-version":[{"id":838,"href":"https:\/\/alexanderbdsm.com\/index.php?rest_route=\/wp\/v2\/pages\/21\/revisions\/838"}],"wp:attachment":[{"href":"https:\/\/alexanderbdsm.com\/index.php?rest_route=%2Fwp%2Fv2%2Fmedia&parent=21"}],"curies":[{"name":"wp","href":"https:\/\/api.w.org\/{rel}","templated":true}]}}