{"id":29,"date":"2020-10-07T20:40:26","date_gmt":"2020-10-07T20:40:26","guid":{"rendered":"https:\/\/alexanderbdsm.com\/?page_id=29"},"modified":"2026-01-28T19:53:51","modified_gmt":"2026-01-28T19:53:51","slug":"performances","status":"publish","type":"page","link":"https:\/\/alexanderbdsm.com\/?page_id=29","title":{"rendered":"Eventos BDSM"},"content":{"rendered":"\t\t<div data-elementor-type=\"wp-page\" data-elementor-id=\"29\" class=\"elementor elementor-29\" data-elementor-post-type=\"page\">\n\t\t\t\t\t\t<section class=\"elementor-section elementor-top-section elementor-element elementor-element-c738c34 elementor-section-boxed elementor-section-height-default elementor-section-height-default\" data-id=\"c738c34\" data-element_type=\"section\" data-e-type=\"section\">\n\t\t\t\t\t\t<div class=\"elementor-container elementor-column-gap-default\">\n\t\t\t\t\t<div class=\"elementor-column elementor-col-100 elementor-top-column elementor-element elementor-element-d18ec58\" data-id=\"d18ec58\" data-element_type=\"column\" data-e-type=\"column\">\n\t\t\t<div class=\"elementor-widget-wrap elementor-element-populated\">\n\t\t\t\t\t\t<div class=\"elementor-element elementor-element-6953f83 elementor-widget elementor-widget-text-editor\" data-id=\"6953f83\" data-element_type=\"widget\" data-e-type=\"widget\" data-widget_type=\"text-editor.default\">\n\t\t\t\t<div class=\"elementor-widget-container\">\n\t\t\t\t\t\t\t\t\t<p style=\"text-align: center;\">Te invito que est\u00e9s al pendiente de las pr\u00f3xima actividades que realizar\u00e9: cursos, talleres, conferencias, fiestas, performances y ponencias.<\/p>\t\t\t\t\t\t\t\t<\/div>\n\t\t\t\t<\/div>\n\t\t\t\t\t<\/div>\n\t\t<\/div>\n\t\t\t\t\t<\/div>\n\t\t<\/section>\n\t\t\t\t<section class=\"elementor-section elementor-top-section elementor-element elementor-element-0492ee9 elementor-section-boxed elementor-section-height-default elementor-section-height-default\" data-id=\"0492ee9\" data-element_type=\"section\" data-e-type=\"section\">\n\t\t\t\t\t\t<div class=\"elementor-container elementor-column-gap-default\">\n\t\t\t\t\t<div class=\"elementor-column elementor-col-50 elementor-top-column elementor-element elementor-element-786ebb0\" data-id=\"786ebb0\" data-element_type=\"column\" data-e-type=\"column\">\n\t\t\t<div class=\"elementor-widget-wrap elementor-element-populated\">\n\t\t\t\t\t\t<div class=\"elementor-element elementor-element-306183b elementor-widget elementor-widget-text-editor\" data-id=\"306183b\" data-element_type=\"widget\" data-e-type=\"widget\" data-widget_type=\"text-editor.default\">\n\t\t\t\t<div class=\"elementor-widget-container\">\n\t\t\t\t\t\t\t\t\t<iframe src=\"https:\/\/calendar.google.com\/calendar\/embed?src=alexanderbdsmx%40gmail.com&#038;ctz=America%2FMexico_City\" style=\"border: 0\" width=\"800\" height=\"600\" frameborder=\"0\" scrolling=\"no\"><\/iframe>\t\t\t\t\t\t\t\t<\/div>\n\t\t\t\t<\/div>\n\t\t\t\t\t<\/div>\n\t\t<\/div>\n\t\t\t\t<div class=\"elementor-column elementor-col-50 elementor-top-column elementor-element elementor-element-25dd51c\" data-id=\"25dd51c\" data-element_type=\"column\" data-e-type=\"column\">\n\t\t\t<div class=\"elementor-widget-wrap elementor-element-populated\">\n\t\t\t\t\t\t<div class=\"elementor-element elementor-element-a83d7db elementor-widget elementor-widget-image\" data-id=\"a83d7db\" data-element_type=\"widget\" data-e-type=\"widget\" data-widget_type=\"image.default\">\n\t\t\t\t<div class=\"elementor-widget-container\">\n\t\t\t\t\t\t\t\t\t\t\t\t\t\t\t<img fetchpriority=\"high\" decoding=\"async\" width=\"963\" height=\"1024\" src=\"https:\/\/i0.wp.com\/alexanderbdsm.com\/wp-content\/uploads\/2026\/01\/Calendario.jpg?fit=963%2C1024&amp;ssl=1\" class=\"attachment-large size-large wp-image-857\" alt=\"\" srcset=\"https:\/\/i0.wp.com\/alexanderbdsm.com\/wp-content\/uploads\/2026\/01\/Calendario.jpg?w=1270&amp;ssl=1 1270w, https:\/\/i0.wp.com\/alexanderbdsm.com\/wp-content\/uploads\/2026\/01\/Calendario.jpg?resize=282%2C300&amp;ssl=1 282w, https:\/\/i0.wp.com\/alexanderbdsm.com\/wp-content\/uploads\/2026\/01\/Calendario.jpg?resize=963%2C1024&amp;ssl=1 963w, https:\/\/i0.wp.com\/alexanderbdsm.com\/wp-content\/uploads\/2026\/01\/Calendario.jpg?resize=768%2C816&amp;ssl=1 768w\" sizes=\"(max-width: 963px) 100vw, 963px\" \/>\t\t\t\t\t\t\t\t\t\t\t\t\t\t\t<\/div>\n\t\t\t\t<\/div>\n\t\t\t\t\t<\/div>\n\t\t<\/div>\n\t\t\t\t\t<\/div>\n\t\t<\/section>\n\t\t\t\t<\/div>\n\t\t","protected":false},"excerpt":{"rendered":"<p>Te invito que est\u00e9s al pendiente de las pr\u00f3xima actividades que realizar\u00e9: cursos, talleres, conferencias, fiestas, performances y ponencias.<\/p>\n","protected":false},"author":1,"featured_media":0,"parent":0,"menu_order":0,"comment_status":"closed","ping_status":"closed","template":"","meta":{"om_disable_all_campaigns":false,"_monsterinsights_skip_tracking":false,"_monsterinsights_sitenote_active":false,"_monsterinsights_sitenote_note":"","_monsterinsights_sitenote_category":0,"footnotes":""},"class_list":["post-29","page","type-page","status-publish"],"jetpack_sharing_enabled":true,"_links":{"self":[{"href":"https:\/\/alexanderbdsm.com\/index.php?rest_route=\/wp\/v2\/pages\/29","targetHints":{"allow":["GET"]}}],"collection":[{"href":"https:\/\/alexanderbdsm.com\/index.php?rest_route=\/wp\/v2\/pages"}],"about":[{"href":"https:\/\/alexanderbdsm.com\/index.php?rest_route=\/wp\/v2\/types\/page"}],"author":[{"embeddable":true,"href":"https:\/\/alexanderbdsm.com\/index.php?rest_route=\/wp\/v2\/users\/1"}],"replies":[{"embeddable":true,"href":"https:\/\/alexanderbdsm.com\/index.php?rest_route=%2Fwp%2Fv2%2Fcomments&post=29"}],"version-history":[{"count":6,"href":"https:\/\/alexanderbdsm.com\/index.php?rest_route=\/wp\/v2\/pages\/29\/revisions"}],"predecessor-version":[{"id":861,"href":"https:\/\/alexanderbdsm.com\/index.php?rest_route=\/wp\/v2\/pages\/29\/revisions\/861"}],"wp:attachment":[{"href":"https:\/\/alexanderbdsm.com\/index.php?rest_route=%2Fwp%2Fv2%2Fmedia&parent=29"}],"curies":[{"name":"wp","href":"https:\/\/api.w.org\/{rel}","templated":true}]}}